{"id":196,"date":"2023-07-27T00:47:16","date_gmt":"2023-07-26T22:47:16","guid":{"rendered":"http:\/\/dps-lesznowola.pl\/?page_id=196"},"modified":"2023-08-07T15:13:33","modified_gmt":"2023-08-07T13:13:33","slug":"home","status":"publish","type":"page","link":"https:\/\/dps-lesznowola.pl\/","title":{"rendered":"Home"},"content":{"rendered":"\t\t<div data-elementor-type=\"wp-page\" data-elementor-id=\"196\" class=\"elementor elementor-196\">\n\t\t\t\t\t\t<section class=\"elementor-section elementor-top-section elementor-element elementor-element-64bd093 elementor-section-stretched elementor-section-boxed elementor-section-height-default elementor-section-height-default sc_fly_static\" data-id=\"64bd093\" data-element_type=\"section\" data-settings=\"{&quot;stretch_section&quot;:&quot;section-stretched&quot;,&quot;background_background&quot;:&quot;classic&quot;}\">\n\t\t\t\t\t\t\t<div class=\"elementor-background-overlay\"><\/div>\n\t\t\t\t\t\t\t<div class=\"elementor-container elementor-column-gap-extended\">\n\t\t\t\t\t<div class=\"elementor-column elementor-col-100 elementor-top-column elementor-element elementor-element-ed84be8 sc_inner_width_none sc_content_align_inherit sc_layouts_column_icons_position_left sc_fly_static\" data-id=\"ed84be8\" data-element_type=\"column\">\n\t\t\t<div class=\"elementor-widget-wrap elementor-element-populated\">\n\t\t\t\t\t\t<div class=\"elementor-element elementor-element-fe7fbd6 sc_fly_static elementor-widget elementor-widget-spacer\" data-id=\"fe7fbd6\" data-element_type=\"widget\" data-widget_type=\"spacer.default\">\n\t\t\t\t<div class=\"elementor-widget-container\">\n\t\t\t\t\t\t\t<div class=\"elementor-spacer\">\n\t\t\t<div class=\"elementor-spacer-inner\"><\/div>\n\t\t<\/div>\n\t\t\t\t\t\t<\/div>\n\t\t\t\t<\/div>\n\t\t\t\t<div class=\"elementor-element elementor-element-ad7a89d sc_fly_static elementor-widget elementor-widget-heading\" data-id=\"ad7a89d\" data-element_type=\"widget\" data-widget_type=\"heading.default\">\n\t\t\t\t<div class=\"elementor-widget-container\">\n\t\t\t\t\t<h2 class=\"elementor-heading-title elementor-size-default\">Dom Pomocy Spo\u0142ecznej<br \/>\"Pod Topolami\" w\nLesznowoli<\/h2>\t\t\t\t<\/div>\n\t\t\t\t<\/div>\n\t\t\t\t<div class=\"elementor-element elementor-element-249ba44 sc_fly_static elementor-widget elementor-widget-spacer\" data-id=\"249ba44\" data-element_type=\"widget\" data-widget_type=\"spacer.default\">\n\t\t\t\t<div class=\"elementor-widget-container\">\n\t\t\t\t\t\t\t<div class=\"elementor-spacer\">\n\t\t\t<div class=\"elementor-spacer-inner\"><\/div>\n\t\t<\/div>\n\t\t\t\t\t\t<\/div>\n\t\t\t\t<\/div>\n\t\t\t\t\t<\/div>\n\t\t<\/div>\n\t\t\t\t\t<\/div>\n\t\t<\/section>\n\t\t\t\t<section class=\"elementor-section elementor-top-section elementor-element elementor-element-64b43e9 elementor-section-boxed elementor-section-height-default elementor-section-height-default sc_fly_static\" data-id=\"64b43e9\" data-element_type=\"section\">\n\t\t\t\t\t\t<div class=\"elementor-container elementor-column-gap-extended\">\n\t\t\t\t\t<div class=\"elementor-column elementor-col-50 elementor-top-column elementor-element elementor-element-b0e3942 sc_inner_width_none sc_content_align_inherit sc_layouts_column_icons_position_left sc_fly_static\" data-id=\"b0e3942\" data-element_type=\"column\" data-settings=\"{&quot;background_background&quot;:&quot;classic&quot;}\">\n\t\t\t<div class=\"elementor-widget-wrap elementor-element-populated\">\n\t\t\t\t\t\t<div class=\"elementor-element elementor-element-64631e2 sc_fly_static elementor-widget elementor-widget-spacer\" data-id=\"64631e2\" data-element_type=\"widget\" data-widget_type=\"spacer.default\">\n\t\t\t\t<div class=\"elementor-widget-container\">\n\t\t\t\t\t\t\t<div class=\"elementor-spacer\">\n\t\t\t<div class=\"elementor-spacer-inner\"><\/div>\n\t\t<\/div>\n\t\t\t\t\t\t<\/div>\n\t\t\t\t<\/div>\n\t\t\t\t\t<\/div>\n\t\t<\/div>\n\t\t\t\t<div class=\"elementor-column elementor-col-50 elementor-top-column elementor-element elementor-element-7f1dcd2 sc_inner_width_none sc_content_align_inherit sc_layouts_column_icons_position_left sc_fly_static\" data-id=\"7f1dcd2\" data-element_type=\"column\">\n\t\t\t<div class=\"elementor-widget-wrap elementor-element-populated\">\n\t\t\t\t\t\t<div class=\"elementor-element elementor-element-38e3687 sc_fly_static elementor-widget elementor-widget-text-editor\" data-id=\"38e3687\" data-element_type=\"widget\" data-widget_type=\"text-editor.default\">\n\t\t\t\t<div class=\"elementor-widget-container\">\n\t\t\t\t\t\t\t\t\t<p>Dom Pomocy Spo\u0142ecznej \u201ePod Topolami\u201d w Lesznowoli jest jednostk\u0105 organizacyjn\u0105 pomocy spo\u0142ecznej prowadzon\u0105 przez Powiat Gr\u00f3jecki, zapewniaj\u0105c\u0105 ca\u0142odobow\u0105 opiek\u0119 oraz zaspokajaj\u0105c\u0105 niezb\u0119dne potrzeby bytowe, opieku\u0144cze i wspomagaj\u0105ce na poziomie okre\u015blonego standardu. Dom przeznaczony jest dla 110 os\u00f3b przewlekle psychicznie chorych, wpisany do Rejestru dom\u00f3w pomocy spo\u0142ecznej wojew\u00f3dztwa mazowieckiego pod poz. 102. Decyzj\u0105 z dnia 9 czerwca 2010 r. NR 16\/2010 podmiot prowadz\u0105cy otrzyma\u0142 zezwolenie Wojewody Mazowieckiego na prowadzenie Domu Pomocy Spo\u0142ecznej na czas nieokre\u015blony. Od 1958 do 1987 roku na terenie dzia\u0142a\u0142 Pa\u0144stwowy Dom Rencist\u00f3w w Lesznowoli. Nast\u0119pnie decyzj\u0105 Wojewody Radomskiego Dom przeznaczony zosta\u0142 dla mieszka\u0144c\u00f3w z przewlek\u0142ymi schorzeniami uk\u0142adu nerwowego, za\u015b od 1997 roku Dom Pomocy Spo\u0142ecznej przeznaczony jest dla os\u00f3b przewlekle psychicznie chorych. Dom po\u0142o\u017cony jest na terenie parku o pow. 1,7943 ha, w dolinie rzeki Jeziorki, w odleg\u0142o\u015bci 6 km od miasta powiatowego Gr\u00f3jec. W pobli\u017cu plac\u00f3wki znajduj\u0105 si\u0119 przystanki autobusowe, z kt\u00f3rych mo\u017cna dojecha\u0107 \u015brodkami komunikacji zbiorowej do Gr\u00f3jca, Piaseczna, Warszawy. Do tylnej cz\u0119\u015bci budynku przylega przestronny taras. Wok\u00f3\u0142 budynku znajduje si\u0119 zadbany ogrodzony teren z drewnian\u0105 altan\u0105 ogrodow\u0105, miejscami wypoczynku z hu\u015btawkami, \u0142aweczkami i stolikami.<\/p>\t\t\t\t\t\t\t\t<\/div>\n\t\t\t\t<\/div>\n\t\t\t\t\t<\/div>\n\t\t<\/div>\n\t\t\t\t\t<\/div>\n\t\t<\/section>\n\t\t\t\t<section class=\"elementor-section elementor-top-section elementor-element elementor-element-2880a10 elementor-section-boxed elementor-section-height-default elementor-section-height-default sc_fly_static\" data-id=\"2880a10\" data-element_type=\"section\">\n\t\t\t\t\t\t<div class=\"elementor-container elementor-column-gap-extended\">\n\t\t\t\t\t<div class=\"elementor-column elementor-col-50 elementor-top-column elementor-element elementor-element-69f442a sc_inner_width_none sc_content_align_inherit sc_layouts_column_icons_position_left sc_fly_static\" data-id=\"69f442a\" data-element_type=\"column\">\n\t\t\t<div class=\"elementor-widget-wrap elementor-element-populated\">\n\t\t\t\t\t\t<div class=\"elementor-element elementor-element-f458ac4 sc_fly_static elementor-widget elementor-widget-trx_widget_recent_posts\" data-id=\"f458ac4\" data-element_type=\"widget\" data-widget_type=\"trx_widget_recent_posts.default\">\n\t\t\t\t<div class=\"elementor-widget-container\">\n\t\t\t\t\t<div class=\"widget_area sc_widget_recent_posts\"><aside class=\"widget widget_recent_posts\"><article class=\"post_item with_thumb\"><div class=\"post_thumb hover_zoom\"><a href=\"https:\/\/dps-lesznowola.pl\/?p=1555\"><img decoding=\"async\" width=\"120\" height=\"120\" src=\"https:\/\/dps-lesznowola.pl\/wp-content\/uploads\/2026\/04\/IMG20260420134826-120x120.jpg\" class=\"attachment-learnify-thumb-tiny size-learnify-thumb-tiny wp-post-image\" alt=\"Kwiatowe \u015bwieczki\" srcset=\"https:\/\/dps-lesznowola.pl\/wp-content\/uploads\/2026\/04\/IMG20260420134826-120x120.jpg 120w, https:\/\/dps-lesznowola.pl\/wp-content\/uploads\/2026\/04\/IMG20260420134826-150x150.jpg 150w, https:\/\/dps-lesznowola.pl\/wp-content\/uploads\/2026\/04\/IMG20260420134826-370x370.jpg 370w\" sizes=\"(max-width: 120px) 100vw, 120px\" \/><\/a><\/div><div class=\"post_content\"><div class=\"post_info\"><div class=\"post_info_item post_categories\"><a href=\"https:\/\/dps-lesznowola.pl\/?cat=2\" title=\"View all posts in Aktualno\u015bci\">Aktualno\u015bci<\/a><\/div><\/div><h6 class=\"post_title\"><a href=\"https:\/\/dps-lesznowola.pl\/?p=1555\">Kwiatowe \u015bwieczki<\/a><\/h6><\/div><\/article><article class=\"post_item with_thumb\"><div class=\"post_thumb hover_zoom\"><a href=\"https:\/\/dps-lesznowola.pl\/?p=1560\"><img decoding=\"async\" width=\"120\" height=\"120\" src=\"https:\/\/dps-lesznowola.pl\/wp-content\/uploads\/2026\/04\/IMG20260402175330-120x120.jpg\" class=\"attachment-learnify-thumb-tiny size-learnify-thumb-tiny wp-post-image\" alt=\"Uroczysto\u015b\u0107 Wielkiego Czwartku\" srcset=\"https:\/\/dps-lesznowola.pl\/wp-content\/uploads\/2026\/04\/IMG20260402175330-120x120.jpg 120w, https:\/\/dps-lesznowola.pl\/wp-content\/uploads\/2026\/04\/IMG20260402175330-150x150.jpg 150w, https:\/\/dps-lesznowola.pl\/wp-content\/uploads\/2026\/04\/IMG20260402175330-370x370.jpg 370w\" sizes=\"(max-width: 120px) 100vw, 120px\" \/><\/a><\/div><div class=\"post_content\"><div class=\"post_info\"><div class=\"post_info_item post_categories\"><a href=\"https:\/\/dps-lesznowola.pl\/?cat=2\" title=\"View all posts in Aktualno\u015bci\">Aktualno\u015bci<\/a><\/div><\/div><h6 class=\"post_title\"><a href=\"https:\/\/dps-lesznowola.pl\/?p=1560\">Uroczysto\u015b\u0107 Wielkiego Czwartku<\/a><\/h6><\/div><\/article><article class=\"post_item with_thumb\"><div class=\"post_thumb hover_zoom\"><a href=\"https:\/\/dps-lesznowola.pl\/?p=1528\"><img decoding=\"async\" width=\"120\" height=\"120\" src=\"https:\/\/dps-lesznowola.pl\/wp-content\/uploads\/2026\/04\/IMG20260402114858-120x120.jpg\" class=\"attachment-learnify-thumb-tiny size-learnify-thumb-tiny wp-post-image\" alt=\"A Wielkanoc tu\u017c, tu\u017c&#8230;\" srcset=\"https:\/\/dps-lesznowola.pl\/wp-content\/uploads\/2026\/04\/IMG20260402114858-120x120.jpg 120w, https:\/\/dps-lesznowola.pl\/wp-content\/uploads\/2026\/04\/IMG20260402114858-150x150.jpg 150w, https:\/\/dps-lesznowola.pl\/wp-content\/uploads\/2026\/04\/IMG20260402114858-370x370.jpg 370w\" sizes=\"(max-width: 120px) 100vw, 120px\" \/><\/a><\/div><div class=\"post_content\"><div class=\"post_info\"><div class=\"post_info_item post_categories\"><a href=\"https:\/\/dps-lesznowola.pl\/?cat=2\" title=\"View all posts in Aktualno\u015bci\">Aktualno\u015bci<\/a><\/div><\/div><h6 class=\"post_title\"><a href=\"https:\/\/dps-lesznowola.pl\/?p=1528\">A Wielkanoc tu\u017c, tu\u017c&#8230;<\/a><\/h6><\/div><\/article><article class=\"post_item with_thumb\"><div class=\"post_thumb hover_zoom\"><a href=\"https:\/\/dps-lesznowola.pl\/?p=1532\"><img loading=\"lazy\" decoding=\"async\" width=\"120\" height=\"120\" src=\"https:\/\/dps-lesznowola.pl\/wp-content\/uploads\/2026\/04\/Ciasta_na_wielkanoc-120x120.jpeg\" class=\"attachment-learnify-thumb-tiny size-learnify-thumb-tiny wp-post-image\" alt=\"Wielkanocny trening kulinarny\" srcset=\"https:\/\/dps-lesznowola.pl\/wp-content\/uploads\/2026\/04\/Ciasta_na_wielkanoc-120x120.jpeg 120w, https:\/\/dps-lesznowola.pl\/wp-content\/uploads\/2026\/04\/Ciasta_na_wielkanoc-150x150.jpeg 150w\" sizes=\"(max-width: 120px) 100vw, 120px\" \/><\/a><\/div><div class=\"post_content\"><div class=\"post_info\"><div class=\"post_info_item post_categories\"><a href=\"https:\/\/dps-lesznowola.pl\/?cat=2\" title=\"View all posts in Aktualno\u015bci\">Aktualno\u015bci<\/a><\/div><\/div><h6 class=\"post_title\"><a href=\"https:\/\/dps-lesznowola.pl\/?p=1532\">Wielkanocny trening kulinarny<\/a><\/h6><\/div><\/article><\/aside><\/div>\t\t\t\t<\/div>\n\t\t\t\t<\/div>\n\t\t\t\t\t<\/div>\n\t\t<\/div>\n\t\t\t\t<div class=\"elementor-column elementor-col-50 elementor-top-column elementor-element elementor-element-487376d sc_inner_width_none sc_content_align_inherit sc_layouts_column_icons_position_left sc_fly_static\" data-id=\"487376d\" data-element_type=\"column\" data-settings=\"{&quot;background_background&quot;:&quot;classic&quot;}\">\n\t\t\t<div class=\"elementor-widget-wrap elementor-element-populated\">\n\t\t\t\t\t\t<div class=\"elementor-element elementor-element-a134eea sc_fly_static elementor-widget elementor-widget-spacer\" data-id=\"a134eea\" data-element_type=\"widget\" data-widget_type=\"spacer.default\">\n\t\t\t\t<div class=\"elementor-widget-container\">\n\t\t\t\t\t\t\t<div class=\"elementor-spacer\">\n\t\t\t<div class=\"elementor-spacer-inner\"><\/div>\n\t\t<\/div>\n\t\t\t\t\t\t<\/div>\n\t\t\t\t<\/div>\n\t\t\t\t\t<\/div>\n\t\t<\/div>\n\t\t\t\t\t<\/div>\n\t\t<\/section>\n\t\t\t\t<section class=\"elementor-section elementor-top-section elementor-element elementor-element-ef80383 elementor-section-content-middle elementor-section-boxed elementor-section-height-default elementor-section-height-default sc_fly_static\" data-id=\"ef80383\" data-element_type=\"section\">\n\t\t\t\t\t\t<div class=\"elementor-container elementor-column-gap-extended\">\n\t\t\t\t\t<div class=\"elementor-column elementor-col-50 elementor-top-column elementor-element elementor-element-f44e7ab sc_inner_width_none sc_content_align_inherit sc_layouts_column_icons_position_left sc_fly_static\" data-id=\"f44e7ab\" data-element_type=\"column\" data-settings=\"{&quot;background_background&quot;:&quot;classic&quot;}\">\n\t\t\t<div class=\"elementor-widget-wrap elementor-element-populated\">\n\t\t\t\t\t<div class=\"elementor-background-overlay\"><\/div>\n\t\t\t\t\t\t<div class=\"elementor-element elementor-element-6eac0af sc_fly_static elementor-widget elementor-widget-spacer\" data-id=\"6eac0af\" data-element_type=\"widget\" data-widget_type=\"spacer.default\">\n\t\t\t\t<div class=\"elementor-widget-container\">\n\t\t\t\t\t\t\t<div class=\"elementor-spacer\">\n\t\t\t<div class=\"elementor-spacer-inner\"><\/div>\n\t\t<\/div>\n\t\t\t\t\t\t<\/div>\n\t\t\t\t<\/div>\n\t\t\t\t<div class=\"elementor-element elementor-element-e330279 sc_fly_static elementor-widget elementor-widget-heading\" data-id=\"e330279\" data-element_type=\"widget\" data-widget_type=\"heading.default\">\n\t\t\t\t<div class=\"elementor-widget-container\">\n\t\t\t\t\t<h2 class=\"elementor-heading-title elementor-size-default\">Napisz do nas<\/h2>\t\t\t\t<\/div>\n\t\t\t\t<\/div>\n\t\t\t\t<div class=\"elementor-element elementor-element-792e17c sc_fly_static elementor-widget elementor-widget-spacer\" data-id=\"792e17c\" data-element_type=\"widget\" data-widget_type=\"spacer.default\">\n\t\t\t\t<div class=\"elementor-widget-container\">\n\t\t\t\t\t\t\t<div class=\"elementor-spacer\">\n\t\t\t<div class=\"elementor-spacer-inner\"><\/div>\n\t\t<\/div>\n\t\t\t\t\t\t<\/div>\n\t\t\t\t<\/div>\n\t\t\t\t\t<\/div>\n\t\t<\/div>\n\t\t\t\t<div class=\"elementor-column elementor-col-50 elementor-top-column elementor-element elementor-element-de7643b sc_inner_width_none sc_content_align_inherit sc_layouts_column_icons_position_left sc_fly_static\" data-id=\"de7643b\" data-element_type=\"column\">\n\t\t\t<div class=\"elementor-widget-wrap elementor-element-populated\">\n\t\t\t\t\t\t<div class=\"elementor-element elementor-element-0440485 sc_fly_static elementor-widget elementor-widget-trx_sc_contact_form_7\" data-id=\"0440485\" data-element_type=\"widget\" data-widget_type=\"trx_sc_contact_form_7.default\">\n\t\t\t\t<div class=\"elementor-widget-container\">\n\t\t\t\t\t\n<div class=\"wpcf7 no-js\" id=\"wpcf7-f6-o1\" lang=\"pl-PL\" dir=\"ltr\" data-wpcf7-id=\"6\">\n<div class=\"screen-reader-response\"><p role=\"status\" aria-live=\"polite\" aria-atomic=\"true\"><\/p> <ul><\/ul><\/div>\n<form action=\"\/index.php?rest_route=%2Fwp%2Fv2%2Fpages%2F196#wpcf7-f6-o1\" method=\"post\" class=\"wpcf7-form init\" aria-label=\"Formularz kontaktowy\" novalidate=\"novalidate\" data-status=\"init\">\n<div style=\"display: none;\">\n<input type=\"hidden\" name=\"_wpcf7\" value=\"6\" \/>\n<input type=\"hidden\" name=\"_wpcf7_version\" value=\"6.0.4\" \/>\n<input type=\"hidden\" name=\"_wpcf7_locale\" value=\"pl_PL\" \/>\n<input type=\"hidden\" name=\"_wpcf7_unit_tag\" value=\"wpcf7-f6-o1\" \/>\n<input type=\"hidden\" name=\"_wpcf7_container_post\" value=\"0\" \/>\n<input type=\"hidden\" name=\"_wpcf7_posted_data_hash\" value=\"\" \/>\n<\/div>\n<p><label> Twoje imi\u0119 i nazwisko<br \/>\n<span class=\"wpcf7-form-control-wrap\" data-name=\"your-name\"><input size=\"40\" maxlength=\"400\" class=\"wpcf7-form-control wpcf7-text wpcf7-validates-as-required\" autocomplete=\"name\" aria-required=\"true\" aria-invalid=\"false\" value=\"\" type=\"text\" name=\"your-name\" \/><\/span> <\/label>\n<\/p>\n<p><label> Tw\u00f3j adres e-mail<br \/>\n<span class=\"wpcf7-form-control-wrap\" data-name=\"your-email\"><input size=\"40\" maxlength=\"400\" class=\"wpcf7-form-control wpcf7-email wpcf7-validates-as-required wpcf7-text wpcf7-validates-as-email\" autocomplete=\"email\" aria-required=\"true\" aria-invalid=\"false\" value=\"\" type=\"email\" name=\"your-email\" \/><\/span> <\/label>\n<\/p>\n<p><label> Temat<br \/>\n<span class=\"wpcf7-form-control-wrap\" data-name=\"your-subject\"><input size=\"40\" maxlength=\"400\" class=\"wpcf7-form-control wpcf7-text wpcf7-validates-as-required\" aria-required=\"true\" aria-invalid=\"false\" value=\"\" type=\"text\" name=\"your-subject\" \/><\/span> <\/label>\n<\/p>\n<p><label> Twoja wiadomo\u015bci (opcjonalne)<br \/>\n<span class=\"wpcf7-form-control-wrap\" data-name=\"your-message\"><textarea cols=\"40\" rows=\"10\" maxlength=\"2000\" class=\"wpcf7-form-control wpcf7-textarea\" aria-invalid=\"false\" name=\"your-message\"><\/textarea><\/span> <\/label>\n<\/p>\n<p><input class=\"wpcf7-form-control wpcf7-submit has-spinner\" type=\"submit\" value=\"Wy\u015blij\" \/>\n<\/p><div class=\"wpcf7-response-output\" aria-hidden=\"true\"><\/div>\n<\/form>\n<\/div>\n\t\t\t\t<\/div>\n\t\t\t\t<\/div>\n\t\t\t\t\t<\/div>\n\t\t<\/div>\n\t\t\t\t\t<\/div>\n\t\t<\/section>\n\t\t\t\t<\/div>\n\t\t","protected":false},"excerpt":{"rendered":"<p>Dom Pomocy Spo\u0142ecznej&#8222;Pod Topolami&#8221; w Lesznowoli Dom Pomocy Spo\u0142ecznej \u201ePod Topolami\u201d w Lesznowoli jest jednostk\u0105&hellip;<\/p>\n","protected":false},"author":1,"featured_media":0,"parent":0,"menu_order":0,"comment_status":"closed","ping_status":"closed","template":"elementor_theme","meta":{"footnotes":""},"class_list":["post-196","page","type-page","status-publish","hentry"],"_links":{"self":[{"href":"https:\/\/dps-lesznowola.pl\/index.php?rest_route=\/wp\/v2\/pages\/196","targetHints":{"allow":["GET"]}}],"collection":[{"href":"https:\/\/dps-lesznowola.pl\/index.php?rest_route=\/wp\/v2\/pages"}],"about":[{"href":"https:\/\/dps-lesznowola.pl\/index.php?rest_route=\/wp\/v2\/types\/page"}],"author":[{"embeddable":true,"href":"https:\/\/dps-lesznowola.pl\/index.php?rest_route=\/wp\/v2\/users\/1"}],"replies":[{"embeddable":true,"href":"https:\/\/dps-lesznowola.pl\/index.php?rest_route=%2Fwp%2Fv2%2Fcomments&post=196"}],"version-history":[{"count":52,"href":"https:\/\/dps-lesznowola.pl\/index.php?rest_route=\/wp\/v2\/pages\/196\/revisions"}],"predecessor-version":[{"id":299,"href":"https:\/\/dps-lesznowola.pl\/index.php?rest_route=\/wp\/v2\/pages\/196\/revisions\/299"}],"wp:attachment":[{"href":"https:\/\/dps-lesznowola.pl\/index.php?rest_route=%2Fwp%2Fv2%2Fmedia&parent=196"}],"curies":[{"name":"wp","href":"https:\/\/api.w.org\/{rel}","templated":true}]}}